{"id":40,"date":"2024-01-19T11:03:38","date_gmt":"2024-01-19T10:03:38","guid":{"rendered":"https:\/\/www.studentenwerk.at\/service-portal\/?page_id=40"},"modified":"2024-01-19T11:03:39","modified_gmt":"2024-01-19T10:03:39","slug":"kuendigung_de","status":"publish","type":"page","link":"https:\/\/www.studentenwerk.at\/service-portal\/kuendigung_de\/","title":{"rendered":"kuendigung_de"},"content":{"rendered":"\n<h2 class=\"wp-block-heading\" id=\"entrypoint\">Vertragsk\u00fcndigung<\/h2>\n\n\n\n<p>Mit diesem Formular haben Sie die M\u00f6glichkeit eine vorzeitige Vertragsaufl\u00f6sung anzufragen.<\/p>\n\n\n\n<p>Bevor Sie das Formular ausf\u00fcllen, lesen Sie bitte die Bedingungen Ihres aktuellen Ben\u00fctzungsvertrages nochmals sorgf\u00e4ltig durch.<\/p>\n\n\n\n<p>Durch das Absenden des Formulars bzw. Erhalt einer Empfangsbest\u00e4tigung kommt noch <strong>keine <\/strong>verbindliche Vertragsaufl\u00f6sung zu Stande!<\/p>\n\n\n\n<div class=\"wp-block-columns is-layout-flex wp-container-core-columns-is-layout-9d6595d7 wp-block-columns-is-layout-flex\">\n<div class=\"wp-block-column is-layout-flow wp-block-column-is-layout-flow\" style=\"flex-basis:10%\"><\/div>\n\n\n\n<div class=\"wp-block-column is-layout-flow wp-block-column-is-layout-flow\" style=\"flex-basis:80%\">\n<div class=\"forminator-guttenberg\"><div class=\"forminator-ui forminator-custom-form forminator-custom-form-22 forminator-design--default  forminator_ajax\" data-forminator-render=\"0\" data-form=\"forminator-module-22\"><br\/><\/div><form\n\t\t\t\tid=\"forminator-module-22\"\n\t\t\t\tclass=\"forminator-ui forminator-custom-form forminator-custom-form-22 forminator-design--default  forminator_ajax\"\n\t\t\t\tmethod=\"post\"\n\t\t\t\tdata-forminator-render=\"0\"\n\t\t\t\tdata-form-id=\"22\"\n\t\t\t\t\n\t\t\t\tdata-design=\"default\"\n\t\t\t\t\n\t\t\t\t\n\t\t\t\t\n\t\t\t\tdata-grid=\"open\"\n\t\t\t\t\n\t\t\t\t\n\t\t\t\tstyle=\"display: none;\"\n\t\t\t><div class=\"forminator-response-message forminator-error\" aria-hidden=\"true\"><\/div><div class=\"forminator-row\"><div id=\"select-1\" class=\"forminator-col forminator-col-6 \"><div class=\"forminator-field\"><label for=\"forminator-form-22__field--select-1-label\" class=\"forminator-label\">Ihr Heim <span class=\"forminator-required\">*<\/span><\/label><select id=\"forminator-form-22__field--select-1\" class=\"forminator-select--field forminator-select2\" data-required=\"1\" name=\"select-1\" data-default-value=\"1\" data-placeholder=\"Please select an option\" data-search=\"false\"><option value=\"\">Please select an option<\/option><option value=\"1\" selected=\"selected\" data-calculation=\"0\">Julius-Raab-Heim Linz<\/option><option value=\"2\"  data-calculation=\"0\">Studentenheim Hagenberg<\/option><\/select><\/div><\/div><div id=\"text-1\" class=\"forminator-col forminator-col-6 \"><div class=\"forminator-field\"><label for=\"forminator-field-text-1\" class=\"forminator-label\">Zimmernummer <span class=\"forminator-required\">*<\/span><\/label><input type=\"text\" name=\"text-1\" value=\"\" placeholder=\"VOLLST\u00c4NDIGE Zimmernummer (Linz Auhoffeld bzw. Hagenberg: vierstellig)\" id=\"forminator-field-text-1\" class=\"forminator-input forminator-name--field\" data-required=\"1\" maxlength=\"7\" \/><span class=\"forminator-description\">VOLLST\u00c4NDIGE Zimmernummer (Linz Auhoffeld bzw. Hagenberg: vierstellig)<span data-limit=\"7\" data-type=\"characters\">0 \/ 7<\/span><\/span><\/div><\/div><\/div><div class=\"forminator-row\"><div id=\"name-1\" class=\"forminator-col forminator-col-6 \"><div class=\"forminator-field\"><label for=\"forminator-field-name-1\" class=\"forminator-label\">Vorname <span class=\"forminator-required\">*<\/span><\/label><input type=\"text\" name=\"name-1\" value=\"\" placeholder=\"z. B. Max\" id=\"forminator-field-name-1\" class=\"forminator-input forminator-name--field\" aria-required=\"true\" \/><\/div><\/div><div id=\"name-2\" class=\"forminator-col forminator-col-6 \"><div class=\"forminator-field\"><label for=\"forminator-field-name-2\" class=\"forminator-label\">Nachname <span class=\"forminator-required\">*<\/span><\/label><input type=\"text\" name=\"name-2\" value=\"\" placeholder=\"z. B. Mustermann\" id=\"forminator-field-name-2\" class=\"forminator-input forminator-name--field\" aria-required=\"true\" \/><\/div><\/div><\/div><div class=\"forminator-row\"><div id=\"email-1\" class=\"forminator-col forminator-col-12 \"><div class=\"forminator-field\"><label for=\"forminator-field-email-1\" class=\"forminator-label\">E-Mail-Adresse <span class=\"forminator-required\">*<\/span><\/label><input type=\"email\" name=\"email-1\" value=\"\" placeholder=\"z. B. john@doe.com\" id=\"forminator-field-email-1\" class=\"forminator-input forminator-email--field\" data-required=\"1\" aria-required=\"true\" \/><\/div><\/div><\/div><div class=\"forminator-row\"><div id=\"date-1\" class=\"forminator-col forminator-col-6 \"><div class=\"forminator-field\"><label for=\"forminator-field-date-1-picker-69e7c1aa9d5d4\" class=\"forminator-label\">Geplantes Auszugsdatum <span class=\"forminator-required\">*<\/span><\/label><div class=\"forminator-input-with-icon\"><label for=\"forminator-field-date-1-picker-69e7c1aa9d5d4\"><span class=\"forminator-icon-calendar\" aria-hidden=\"true\"><\/span><\/label><input autocomplete=\"off\" type=\"text\" size=\"1\" name=\"date-1\" value=\"\" placeholder=\"Bitte Datum w\u00e4hlen\" id=\"forminator-field-date-1-picker-69e7c1aa9d5d4\" class=\"forminator-input forminator-datepicker\" data-required=\"1\" data-format=\"yy-mm-dd\" data-restrict-type=\"\" data-restrict=\"\" data-start-year=\"2026\" data-end-year=\"2126\" data-past-dates=\"enable\" data-start-of-week=\"1\" data-start-date=\"2026-04-21\" data-end-date=\"\" data-start-field=\"\" data-end-field=\"\" data-start-offset=\"\" data-end-offset=\"\" data-disable-date=\"\" data-disable-range=\"\" \/><\/div><span class=\"forminator-description\" aria-describedby=\"forminator-field-date-1-picker-69e7c1aa9d5d4\">Bitte geben Sie Ihr geplantes Auszugsdatum an<\/span><\/div><\/div><div id=\"select-2\" class=\"forminator-col forminator-col-6 \"><div class=\"forminator-field\"><label for=\"forminator-form-22__field--select-2-label\" class=\"forminator-label\">K\u00fcndigungsgrund <span class=\"forminator-required\">*<\/span><\/label><select id=\"forminator-form-22__field--select-2\" class=\"forminator-select--field forminator-select2\" data-required=\"1\" name=\"select-2\" data-default-value=\"Regul\u00e4res Studienende\" data-placeholder=\"Please select an option\" data-search=\"false\"><option value=\"\">Please select an option<\/option><option value=\"Regul\u00e4res Studienende\" selected=\"selected\" data-calculation=\"0\">Regul\u00e4res Studienende<\/option><option value=\"Ende Auslandssemester\"  data-calculation=\"0\">Ende Auslandssemester<\/option><option value=\"Praktikum\"  data-calculation=\"0\">Praktikum<\/option><option value=\"Studienortwechsel (andere Uni)\"  data-calculation=\"0\">Studienortwechsel (andere Uni)<\/option><option value=\"Studienabbruch (Exmatrikulation)\"  data-calculation=\"0\">Studienabbruch (Exmatrikulation)<\/option><option value=\"finanzielle Gr\u00fcnde\"  data-calculation=\"0\">finanzielle Gr\u00fcnde<\/option><option value=\"gesundheitliche Gr\u00fcnde\"  data-calculation=\"0\">gesundheitliche Gr\u00fcnde<\/option><option value=\"Zimmer nicht mehr ben\u00f6tigt\"  data-calculation=\"0\">Zimmer nicht mehr ben\u00f6tigt<\/option><option value=\"Anderes\"  data-calculation=\"0\">Anderes<\/option><\/select><span class=\"forminator-description\" aria-describedby=\"\">Bitte w\u00e4hlen Sie einen m\u00f6glichst zutreffenden K\u00fcndigungsgrund<\/span><\/div><\/div><\/div><div class=\"forminator-row\"><div id=\"textarea-2\" class=\"forminator-col forminator-col-12 \"><div class=\"forminator-field\"><label for=\"forminator-field-textarea-2\" class=\"forminator-label\">K\u00fcndigungsgrund <span class=\"forminator-required\">*<\/span><\/label><textarea name=\"textarea-2\" placeholder=\"N\u00e4here Angaben...\" id=\"forminator-field-textarea-2\" class=\"forminator-textarea\" rows=\"6\" style=\"min-height:140px;\" ><\/textarea><span class=\"forminator-description\">Bitte machen Sie n\u00e4here Angaben zum K\u00fcndigungsgrund.<\/span><\/div><\/div><\/div><div class=\"forminator-row\"><div id=\"textarea-1\" class=\"forminator-col forminator-col-12 \"><div class=\"forminator-field\"><label for=\"forminator-field-textarea-1\" class=\"forminator-label\">Nachricht<\/label><textarea name=\"textarea-1\" placeholder=\"Zus\u00e4tzliche Infos, Anmerkungen, etc.\" id=\"forminator-field-textarea-1\" class=\"forminator-textarea\" rows=\"6\" style=\"min-height:140px;\" maxlength=\"300\" ><\/textarea><span class=\"forminator-description\">Zus\u00e4tzliche Infos, Anmerkungen, etc.<span data-limit=\"300\" data-type=\"characters\">0 \/ 300<\/span><\/span><\/div><\/div><\/div><div class=\"forminator-row\"><div id=\"consent-1\" class=\"forminator-col forminator-col-12 \"><div class=\"forminator-field\"><label for=\"forminator-field-consent-1-69e7c1aa9d87b\" class=\"forminator-label\">Datenschutz <span class=\"forminator-required\">*<\/span><\/label><div class=\"forminator-checkbox__wrapper\"><label for=\"forminator-field-consent-1-69e7c1aa9d87b\" class=\"forminator-checkbox\" style=\"margin: 0;\" aria-labelledby=\"forminator-field-consent-1-69e7c1aa9d87b__label\"><input type=\"checkbox\" name=\"consent-1\" value=\"checked\" id=\"forminator-field-consent-1-69e7c1aa9d87b\" data-required=\"true\" aria-required=\"true\" \/><span class=\"forminator-checkbox-box\" aria-hidden=\"true\"><\/span><\/label><div id=\"forminator-field-consent-1-69e7c1aa9d87b__label\" class=\"forminator-checkbox__label\"><p>Ich erkl\u00e4re mich damit einverstanden, dass die angegebenen Daten elektronisch \u00fcbermittelt und verarbeitet werden und jedenfalls bis zur Erledigung meines Anliegens gespeichert bleiben.<\/p><\/div><\/div><\/div><\/div><\/div><div class=\"forminator-row\"><div id=\"consent-2\" class=\"forminator-col forminator-col-12 \"><div class=\"forminator-field\"><label for=\"forminator-field-consent-2-69e7c1aa9d8e8\" class=\"forminator-label\">Wahrheitsgem\u00e4\u00dfe Angaben <span class=\"forminator-required\">*<\/span><\/label><div class=\"forminator-checkbox__wrapper\"><label for=\"forminator-field-consent-2-69e7c1aa9d8e8\" class=\"forminator-checkbox\" style=\"margin: 0;\" aria-labelledby=\"forminator-field-consent-2-69e7c1aa9d8e8__label\"><input type=\"checkbox\" name=\"consent-2\" value=\"checked\" id=\"forminator-field-consent-2-69e7c1aa9d8e8\" data-required=\"true\" aria-required=\"true\" \/><span class=\"forminator-checkbox-box\" aria-hidden=\"true\"><\/span><\/label><div id=\"forminator-field-consent-2-69e7c1aa9d8e8__label\" class=\"forminator-checkbox__label\"><p>Ich best\u00e4tige, dass die von mir gemachten Angaben korrekt und wahrheitsgem\u00e4\u00df sind. Bei unkorrekten Angaben kann eine vorzeitige Vertragsaufl\u00f6sung auch nach Zustimmung durch das O\u00d6. Studentenwerk unwirksam werden.<\/p>\n<p>F\u00fcr den\/die von mir angegebenen K\u00fcndigungsgrund\/K\u00fcndigungsgr\u00fcnde k\u00f6nnen vom O\u00d6. Studentenwerk ggf. entsprechende Best\u00e4tigungen verlangt werden.<\/p><\/div><\/div><\/div><\/div><\/div><div class=\"forminator-row\"><div id=\"consent-3\" class=\"forminator-col forminator-col-12 \"><div class=\"forminator-field\"><label for=\"forminator-field-consent-3-69e7c1aa9d937\" class=\"forminator-label\">Ausschluss automatischer Zustimmung <span class=\"forminator-required\">*<\/span><\/label><div class=\"forminator-checkbox__wrapper\"><label for=\"forminator-field-consent-3-69e7c1aa9d937\" class=\"forminator-checkbox\" style=\"margin: 0;\" aria-labelledby=\"forminator-field-consent-3-69e7c1aa9d937__label\"><input type=\"checkbox\" name=\"consent-3\" value=\"checked\" id=\"forminator-field-consent-3-69e7c1aa9d937\" data-required=\"true\" aria-required=\"true\" \/><span class=\"forminator-checkbox-box\" aria-hidden=\"true\"><\/span><\/label><div id=\"forminator-field-consent-3-69e7c1aa9d937__label\" class=\"forminator-checkbox__label\"><p>Ich bin mir bewusst, dass durch Absenden des Formulars bzw. Erhalt einer Empfangsbest\u00e4tigung noch keine rechtsverbindliche Aufl\u00f6sungsvereinbarung zu Stande kommt.<\/p><\/div><\/div><\/div><\/div><\/div><div class=\"forminator-row\"><\/div><input type=\"hidden\" name=\"referer_url\" value=\"\" \/><div class=\"forminator-row forminator-row-last\"><div class=\"forminator-col\"><div class=\"forminator-field\"><button class=\"forminator-button forminator-button-submit\">Absenden<\/button><\/div><\/div><\/div><input type=\"hidden\" id=\"forminator_nonce\" name=\"forminator_nonce\" value=\"5653e320c0\" \/><input type=\"hidden\" name=\"_wp_http_referer\" value=\"\/service-portal\/wp-json\/wp\/v2\/pages\/40\" \/><input type=\"hidden\" name=\"form_id\" value=\"22\"><input type=\"hidden\" name=\"page_id\" value=\"40\"><input type=\"hidden\" name=\"form_type\" value=\"default\"><input type=\"hidden\" name=\"current_url\" value=\"https:\/\/www.studentenwerk.at\/service-portal\/wp-json\/wp\/v2\/pages\/40\/\"><input type=\"hidden\" name=\"render_id\" value=\"0\"><input type=\"hidden\" name=\"action\" value=\"forminator_submit_form_custom-forms\"><\/form><\/div>\n<\/div>\n\n\n\n<div class=\"wp-block-column is-layout-flow wp-block-column-is-layout-flow\" style=\"flex-basis:10px\"><\/div>\n<\/div>\n\n\n\n<p><\/p>\n","protected":false},"excerpt":{"rendered":"<p>Vertragsk\u00fcndigung Mit diesem Formular haben Sie die M\u00f6glichkeit eine vorzeitige Vertragsaufl\u00f6sung anzufragen. Bevor Sie das Formular ausf\u00fcllen, lesen Sie bitte die Bedingungen Ihres aktuellen Ben\u00fctzungsvertrages nochmals sorgf\u00e4ltig durch. Durch das Absenden des Formulars bzw. Erhalt einer Empfangsbest\u00e4tigung kommt noch keine verbindliche Vertragsaufl\u00f6sung zu Stande!<\/p>\n","protected":false},"author":2,"featured_media":0,"parent":0,"menu_order":0,"comment_status":"closed","ping_status":"closed","template":"","meta":{"inline_featured_image":false,"footnotes":""},"class_list":["post-40","page","type-page","status-publish","hentry"],"acf":[],"_links":{"self":[{"href":"https:\/\/www.studentenwerk.at\/service-portal\/wp-json\/wp\/v2\/pages\/40","targetHints":{"allow":["GET"]}}],"collection":[{"href":"https:\/\/www.studentenwerk.at\/service-portal\/wp-json\/wp\/v2\/pages"}],"about":[{"href":"https:\/\/www.studentenwerk.at\/service-portal\/wp-json\/wp\/v2\/types\/page"}],"author":[{"embeddable":true,"href":"https:\/\/www.studentenwerk.at\/service-portal\/wp-json\/wp\/v2\/users\/2"}],"replies":[{"embeddable":true,"href":"https:\/\/www.studentenwerk.at\/service-portal\/wp-json\/wp\/v2\/comments?post=40"}],"version-history":[{"count":1,"href":"https:\/\/www.studentenwerk.at\/service-portal\/wp-json\/wp\/v2\/pages\/40\/revisions"}],"predecessor-version":[{"id":41,"href":"https:\/\/www.studentenwerk.at\/service-portal\/wp-json\/wp\/v2\/pages\/40\/revisions\/41"}],"wp:attachment":[{"href":"https:\/\/www.studentenwerk.at\/service-portal\/wp-json\/wp\/v2\/media?parent=40"}],"curies":[{"name":"wp","href":"https:\/\/api.w.org\/{rel}","templated":true}]}}