{"id":262,"date":"2021-09-10T19:11:12","date_gmt":"2021-09-10T17:11:12","guid":{"rendered":"https:\/\/www.studentenwerk.at\/badleonfelden\/?page_id=262"},"modified":"2021-12-14T09:33:42","modified_gmt":"2021-12-14T08:33:42","slug":"kontakt-bankverbindung","status":"publish","type":"page","link":"https:\/\/www.studentenwerk.at\/badleonfelden\/kontakt-bankverbindung\/","title":{"rendered":"Kontakt &#038; Bankverbindung"},"content":{"rendered":" \r\n<div \r\n    id=\"polyblock-section_block_613b90e0c58f4\" \r\n    class=\"polyblock polyblock-section normal   columns-sm-1 \"\r\n     \r\n        >\r\n\r\n            <div class=\"overlay \"><\/div>\r\n    \r\n\r\n    \r\n    <article class=\"container\">\r\n        \n\n<div class=\"wp-block-columns is-layout-flex wp-container-core-columns-is-layout-9d6595d7 wp-block-columns-is-layout-flex\">\n<div class=\"wp-block-column is-layout-flow wp-block-column-is-layout-flow\">\n<h2 class=\"wp-block-heading\">Kontakt<\/h2>\n\n\n\n<p><strong>Sch\u00fclerinternat Bad Leonfelden<\/strong><br>Auweg 5<br>4190 Bad Leonfelden<\/p>\n\n\n\n<p><strong>e-mail:<\/strong><a href=\"mailto:office.leonf@studentenwerk.at\"> office.leonf@studentenwerk.at<\/a><br><strong>tel.:<\/strong>\u00a0<a href=\"tel:+43721362160\" data-type=\"tel\" data-id=\"tel:+43721362160\">07213\/6216-0<\/a><\/p>\n\n\n\n<h3 class=\"wp-block-heading\"><strong>HEIM- und SCHULBEIHILFE:<\/strong><\/h3>\n\n\n\n<p>\u00dcber finanzielle Unterst\u00fctzungsm\u00f6glichkeiten verweisen wir auf die aktuellen Informationen des Bundesministeriums f\u00fcr Bildung unter:&nbsp;<a href=\"http:\/\/www.bmb.gv.at\/schulen\/befoe\/sbh\/index.html\">www.bmb.gv.at\/schulen\/befoe\/sbh\/index.html<\/a><\/p>\n<\/div>\n\n\n\n<div class=\"wp-block-column is-layout-flow wp-block-column-is-layout-flow\">\n<h2 class=\"wp-block-heading\">Geb\u00fchren&nbsp;<\/h2>\n\n\n\n<p>Zus\u00e4tzlich gelangen folgende Geb\u00fchren zur Verrechnung:<\/p>\n\n\n\n<p><strong>Die Bearbeitungsgeb\u00fchr f\u00e4llt nur bei Erstaufnahme (1. Klasse) an.<\/strong><br><strong>Bearbeitungsgeb\u00fchr Wiederaufnahme (ab 2. Klasse):<\/strong>&nbsp;kostenlos<br><\/p>\n\n\n\n<p><strong>Hinterlegte Kaution:<\/strong> einmaliger Monatsheimbeitrag<\/p>\n\n\n\n<p>&nbsp;Die Preise verstehen sich per Monat und inklusive aller Betriebskosten, Reinigung, Vollpension, Betreuung durch die Erzieher, Ben\u00fctzung der Heimeinrichtungen.<\/p>\n\n\n\n<h3 class=\"wp-block-heading\">Bankverbindung<\/h3>\n\n\n\n<p><strong>Bankverbindung lautend auf:<\/strong>&nbsp;Sch\u00fclerinternat Bad Leonfelden, Auweg 5, 4190 Bad Leonfelden<\/p>\n\n\n\n<ul class=\"wp-block-list\"><li>f\u00fcr monatlichen Heimbeitrag, Bearbeitungsgeb\u00fchr und Versicherung<ul><li><strong>IBAN:<\/strong>&nbsp;AT25 3427 7000 0006 5557;&nbsp;<strong>BIC:<\/strong>&nbsp;RZOOAT2L277<\/li><\/ul><\/li><li>f\u00fcr Kaution und Zahlung eventueller Sch\u00e4den<ul><li><strong>IBAN:<\/strong>&nbsp;AT35 3427 7000 0006 5862;<strong>&nbsp;BIC:<\/strong>&nbsp;RZOOAT2L277<\/li><\/ul><\/li><\/ul>\n\n\n\n<p><strong>Die Vertragsdauer gilt jeweils f\u00fcr ein Schuljahr.<\/strong><\/p>\n<\/div>\n<\/div>\n\n    <\/article>\r\n\r\n<\/div>\r\n","protected":false},"excerpt":{"rendered":"","protected":false},"author":1,"featured_media":263,"parent":0,"menu_order":0,"comment_status":"closed","ping_status":"closed","template":"","meta":{"inline_featured_image":false,"footnotes":""},"class_list":["post-262","page","type-page","status-publish","has-post-thumbnail","hentry"],"acf":[],"_links":{"self":[{"href":"https:\/\/www.studentenwerk.at\/badleonfelden\/wp-json\/wp\/v2\/pages\/262","targetHints":{"allow":["GET"]}}],"collection":[{"href":"https:\/\/www.studentenwerk.at\/badleonfelden\/wp-json\/wp\/v2\/pages"}],"about":[{"href":"https:\/\/www.studentenwerk.at\/badleonfelden\/wp-json\/wp\/v2\/types\/page"}],"author":[{"embeddable":true,"href":"https:\/\/www.studentenwerk.at\/badleonfelden\/wp-json\/wp\/v2\/users\/1"}],"replies":[{"embeddable":true,"href":"https:\/\/www.studentenwerk.at\/badleonfelden\/wp-json\/wp\/v2\/comments?post=262"}],"version-history":[{"count":3,"href":"https:\/\/www.studentenwerk.at\/badleonfelden\/wp-json\/wp\/v2\/pages\/262\/revisions"}],"predecessor-version":[{"id":366,"href":"https:\/\/www.studentenwerk.at\/badleonfelden\/wp-json\/wp\/v2\/pages\/262\/revisions\/366"}],"wp:featuredmedia":[{"embeddable":true,"href":"https:\/\/www.studentenwerk.at\/badleonfelden\/wp-json\/wp\/v2\/media\/263"}],"wp:attachment":[{"href":"https:\/\/www.studentenwerk.at\/badleonfelden\/wp-json\/wp\/v2\/media?parent=262"}],"curies":[{"name":"wp","href":"https:\/\/api.w.org\/{rel}","templated":true}]}}