{"id":146,"date":"2021-09-10T09:28:33","date_gmt":"2021-09-10T07:28:33","guid":{"rendered":"https:\/\/www.studentenwerk.at\/badleonfelden\/?page_id=146"},"modified":"2024-02-06T08:28:39","modified_gmt":"2024-02-06T07:28:39","slug":"woher-unsere-lebensmittel-kommen","status":"publish","type":"page","link":"https:\/\/www.studentenwerk.at\/badleonfelden\/woher-unsere-lebensmittel-kommen\/","title":{"rendered":"Woher unsere Lebensmittel kommen"},"content":{"rendered":" \r\n<div \r\n    id=\"polyblock-section_block_613b1b860509a\" \r\n    class=\"polyblock polyblock-section normal   columns-sm-1  remove-inner-column-padding \"\r\n     \r\n        >\r\n\r\n            <div class=\"overlay \"><\/div>\r\n    \r\n\r\n    \r\n    <article class=\"container\">\r\n        \n\n<h1 class=\"wp-block-heading\">Woher unsere Lebensmittel kommen<\/h1>\n\n\n\n<p><strong>Ausgewogene Ern\u00e4hrung die lecker schmeckt<\/strong><\/p>\n\n\n\n<p>Fr\u00fchst\u00fcck, Mittagessen, Abendessen \u2013 Vollpension mit gesunder K\u00fcche. Unser K\u00fcchenteam k\u00fcmmert sich um das leibliche Wohl und zaubert jeden Tag neue, schmackhafte Gerichte. Das Land Ober\u00f6sterreich hat das Internat daf\u00fcr als \u201eGesunde K\u00fcche\u201c ausgezeichnet. Dabei legen wir besonderen Wert auf regionale und frische Produkte von Produzenten aus der Umgebung.<\/p>\n\n\n\n<p><\/p>\n\n\n\n<div class=\"wp-block-columns is-layout-flex wp-container-core-columns-is-layout-9d6595d7 wp-block-columns-is-layout-flex\">\n<div class=\"wp-block-column is-layout-flow wp-block-column-is-layout-flow\">\n<figure class=\"wp-block-table\"><table><tbody><tr><td><strong>Fleisch, Wurst<\/strong><\/td><td>Fleischhauerei Jenner; Reichenau<\/td><\/tr><tr><td><strong>Obst und Gem\u00fcse<\/strong><\/td><td>Fa. Aumayr Karl e.U.; Hofkirchen<\/td><\/tr><tr><td><strong>Eier<\/strong><\/td><td>Leitner Ei; Lichtenberg<\/td><\/tr><tr><td><strong>Brot und Geb\u00e4ck<\/strong><\/td><td>B\u00e4ckerei Ritter; Bad Leonfelden<\/td><\/tr><tr><td><strong>Trockenware, Milchprodukte<\/strong><\/td><td>Transgourmet<\/td><\/tr><tr><td><strong>Milchprodukte<\/strong><\/td><td>Berglandmilch eGen.; Wels (Sch\u00e4rdinger-Produkte)<br>Enzi-Milch; Bad Leonfelden (Frischmilch und Joghurt)<\/td><\/tr><tr><td><strong>Fisch, Huhn, Pute<\/strong><\/td><td>Fa. Kr\u00f6swang GmbH; Grieskirchen<\/td><\/tr><tr><td><strong>Fruchts\u00e4fte, TK-Gem\u00fcse<\/strong><\/td><td>Naehr Engel; Salzburg<\/td><\/tr><tr><td><strong>Bier<\/strong><\/td><td>Brauerei Freistadt<\/td><\/tr><tr><td><strong>Kaffee und Tee<\/strong><\/td><td>Julius Meinl Austria GmbH; Wien<\/td><\/tr><tr><td><strong>Gew\u00fcrze<\/strong><\/td><td>Gew\u00fcrzhof Salzburg<\/td><\/tr><tr><td><strong>Schokodekor etc<\/strong><\/td><td>Fa. Raps; Obertrum am See<\/td><\/tr><tr><td><strong>Pudding<\/strong><\/td><td>Lesaffre Austria AG; Wiener Neudorf<\/td><\/tr><tr><td><strong>Wildfleisch<\/strong><\/td><td>J\u00e4gerschaft Bad Leonfelden<\/td><\/tr><tr><td><strong>Frittierfett<\/strong><\/td><td>Olio GmbH; Pennewang<\/td><\/tr><tr><td><strong>Spirituosen<\/strong><\/td><td>Hofbauers Genussviertel; Bad Leonfelden<\/td><\/tr><\/tbody><\/table><figcaption>Die lt. \u00a7 3 Abs 1 bis 3 erforderlichen Angaben der Herkunft der zutaten in Speisen, die in Einrichtungen der Gemeinschaftsverpflegung abgegeben werden, sind im Bereich der Essensausgabe im Speisesaal ausgeh\u00e4ngt<\/figcaption><\/figure>\n<\/div>\n\n\n\n<div class=\"wp-block-column is-layout-flow wp-block-column-is-layout-flow\">\n<figure class=\"wp-block-image size-large\"><img loading=\"lazy\" decoding=\"async\" width=\"1350\" height=\"900\" src=\"https:\/\/www.studentenwerk.at\/badleonfelden\/wp-content\/uploads\/sites\/5\/2021\/08\/speisesaal-1350x900.jpg\" alt=\"\" class=\"wp-image-82\" srcset=\"https:\/\/www.studentenwerk.at\/badleonfelden\/wp-content\/uploads\/sites\/5\/2021\/08\/speisesaal-1350x900.jpg 1350w, https:\/\/www.studentenwerk.at\/badleonfelden\/wp-content\/uploads\/sites\/5\/2021\/08\/speisesaal-800x534.jpg 800w, https:\/\/www.studentenwerk.at\/badleonfelden\/wp-content\/uploads\/sites\/5\/2021\/08\/speisesaal-768x512.jpg 768w, https:\/\/www.studentenwerk.at\/badleonfelden\/wp-content\/uploads\/sites\/5\/2021\/08\/speisesaal-1536x1024.jpg 1536w, https:\/\/www.studentenwerk.at\/badleonfelden\/wp-content\/uploads\/sites\/5\/2021\/08\/speisesaal.jpg 1600w\" sizes=\"auto, (max-width: 1350px) 100vw, 1350px\" \/><\/figure>\n\n\n\n<figure class=\"wp-block-image size-large\"><img loading=\"lazy\" decoding=\"async\" width=\"281\" height=\"93\" src=\"https:\/\/www.studentenwerk.at\/badleonfelden\/wp-content\/uploads\/sites\/5\/2021\/08\/auszeichnung.jpg\" alt=\"\" class=\"wp-image-75\" \/><\/figure>\n<\/div>\n<\/div>\n\n\n <div class=\"polyblock polyblock-button\" >\n    <a href=\"https:\/\/www.studentenwerk.at\/badleonfelden\/wp-admin\/admin-post.php?action=polygon_download_speiseplan\" class=\" btn  btn-lg btn-outline-dark speiseplan\" target='_blank'>Aktueller Speiseplan <i class=\"bi bi-arrow-right-circle-fill\"><\/i> <\/a>\n<\/div>\n\n\n    <\/article>\r\n\r\n<\/div>\r\n","protected":false},"excerpt":{"rendered":"","protected":false},"author":1,"featured_media":147,"parent":0,"menu_order":0,"comment_status":"closed","ping_status":"closed","template":"","meta":{"inline_featured_image":false,"footnotes":""},"class_list":["post-146","page","type-page","status-publish","has-post-thumbnail","hentry"],"acf":[],"_links":{"self":[{"href":"https:\/\/www.studentenwerk.at\/badleonfelden\/wp-json\/wp\/v2\/pages\/146","targetHints":{"allow":["GET"]}}],"collection":[{"href":"https:\/\/www.studentenwerk.at\/badleonfelden\/wp-json\/wp\/v2\/pages"}],"about":[{"href":"https:\/\/www.studentenwerk.at\/badleonfelden\/wp-json\/wp\/v2\/types\/page"}],"author":[{"embeddable":true,"href":"https:\/\/www.studentenwerk.at\/badleonfelden\/wp-json\/wp\/v2\/users\/1"}],"replies":[{"embeddable":true,"href":"https:\/\/www.studentenwerk.at\/badleonfelden\/wp-json\/wp\/v2\/comments?post=146"}],"version-history":[{"count":18,"href":"https:\/\/www.studentenwerk.at\/badleonfelden\/wp-json\/wp\/v2\/pages\/146\/revisions"}],"predecessor-version":[{"id":514,"href":"https:\/\/www.studentenwerk.at\/badleonfelden\/wp-json\/wp\/v2\/pages\/146\/revisions\/514"}],"wp:featuredmedia":[{"embeddable":true,"href":"https:\/\/www.studentenwerk.at\/badleonfelden\/wp-json\/wp\/v2\/media\/147"}],"wp:attachment":[{"href":"https:\/\/www.studentenwerk.at\/badleonfelden\/wp-json\/wp\/v2\/media?parent=146"}],"curies":[{"name":"wp","href":"https:\/\/api.w.org\/{rel}","templated":true}]}}